{"id":16,"date":"2022-04-07T10:18:49","date_gmt":"2022-04-07T08:18:49","guid":{"rendered":"http:\/\/web-foto-grafika.cz\/?page_id=16"},"modified":"2023-02-04T17:52:28","modified_gmt":"2023-02-04T16:52:28","slug":"domu","status":"publish","type":"page","link":"http:\/\/web-foto-grafika.cz\/","title":{"rendered":"Dom\u016f"},"content":{"rendered":"\n<div class=\"wp-block-columns is-layout-flex wp-container-core-columns-is-layout-8b2cf334 wp-block-columns-is-layout-flex\" style=\"padding-top:40px\">\n<div class=\"wp-block-column has-very-light-gray-to-cyan-bluish-gray-gradient-background has-text-color has-background is-layout-flow wp-block-column-is-layout-flow\" style=\"color:#3f5212;padding-top:15px;padding-right:15px;padding-bottom:15px;padding-left:15px\">\n<div class=\"wp-block-spacer\" style=\"height: 30px;\" aria-hidden=\"true\">\u00a0<\/div>\n\n\n\n<figure class=\"wp-block-image aligncenter is-resized icon-style is-style-default\"><img loading=\"lazy\" decoding=\"async\" src=\"http:\/\/web-foto-grafika.cz\/wp-content\/themes\/neve\/assets\/img\/starter-content\/icon-02.svg\" alt=\"\" width=\"48\" height=\"48\"\/><\/figure>\n\n\n\n<h3 class=\"has-text-align-center has-neve-text-color-color has-text-color wp-block-heading\">ORIGIN\u00c1LN\u00cd WEB na m\u00edru<\/h3>\n\n\n\n<p class=\"has-text-align-center\"><p style=\"text-align: center; font-size: large; line-height: 150%;\">Origin\u00e1ln\u00ed vzhled a funk\u010dnost Va\u0161eho webu s V\u00e1mi projdeme od A do Z a v\u0161e nastav\u00edme dle Va\u0161ich p\u0159\u00e1n\u00ed do posledn\u00edho detailu. Z\u00edskejte zcela origin\u00e1ln\u00ed web.<\/p><\/p>\n<\/div>\n\n\n\n<div class=\"wp-block-column has-electric-grass-gradient-background has-text-color has-background is-layout-flow wp-block-column-is-layout-flow\" style=\"color:#3f5212;padding-top:15px;padding-right:15px;padding-bottom:15px;padding-left:15px\">\n<div class=\"wp-block-spacer\" style=\"height: 30px;\" aria-hidden=\"true\">\u00a0<\/div>\n\n\n\n<figure class=\"wp-block-image aligncenter size-full is-resized\"><img loading=\"lazy\" decoding=\"async\" src=\"http:\/\/web-foto-grafika.cz\/wp-content\/uploads\/2022\/04\/image-1.png\" alt=\"\" class=\"wp-image-137\" width=\"48\" height=\"48\"\/><\/figure>\n\n\n\n<h3 class=\"has-text-align-center has-neve-text-color-color has-text-color wp-block-heading\">PC \/ TABLET \/ MOBIL<\/h3>\n\n\n\n<p class=\"has-text-align-center\"><p style=\"text-align: center; font-size: large; line-height: 150%;\">Vzhled Va\u0161eho webu p\u0159izp\u016fsob\u00edme tak, aby se spr\u00e1vn\u011b zobrazoval na v\u0161ech b\u011b\u017en\u011b u\u017e\u00edvan\u00fdch za\u0159\u00edzen\u00edch (PC, tablet, chytr\u00fd telefon).<\/p><\/p>\n<\/div>\n\n\n\n<div class=\"wp-block-column has-very-light-gray-to-cyan-bluish-gray-gradient-background has-text-color has-background is-layout-flow wp-block-column-is-layout-flow\" style=\"color:#3f5212;padding-top:15px;padding-right:15px;padding-bottom:15px;padding-left:15px\">\n<div class=\"wp-block-spacer\" style=\"height: 30px;\" aria-hidden=\"true\">\u00a0<\/div>\n\n\n\n<figure class=\"wp-block-image aligncenter size-full is-resized\"><img loading=\"lazy\" decoding=\"async\" src=\"http:\/\/web-foto-grafika.cz\/wp-content\/uploads\/2022\/04\/image-2.png\" alt=\"\" class=\"wp-image-143\" width=\"48\" height=\"48\"\/><\/figure>\n\n\n\n<h3 class=\"has-text-align-center has-neve-text-color-color has-text-color wp-block-heading\">SPR\u00c1VA webu<\/h3>\n\n\n\n<p class=\"has-text-align-center\"><p style=\"text-align: center; font-size: large; line-height: 150%;\">Nebav\u00ed V\u00e1s aktualizace Va\u0161ich webov\u00fdch str\u00e1nek? Sta\u010d\u00ed poslat po\u017eadovan\u00e9 zm\u011bny nap\u0159. mailem a v\u0161e obratem za\u0159\u00edd\u00edme za V\u00e1s.<\/p><\/p>\n<\/div>\n\n\n\n<div class=\"wp-block-column has-electric-grass-gradient-background has-text-color has-background is-layout-flow wp-block-column-is-layout-flow\" style=\"color:#3f5212;padding-top:15px;padding-right:15px;padding-bottom:15px;padding-left:15px\">\n<div class=\"wp-block-spacer\" style=\"height: 30px;\" aria-hidden=\"true\">\u00a0<\/div>\n\n\n\n<figure class=\"wp-block-image aligncenter size-full is-resized\"><img loading=\"lazy\" decoding=\"async\" src=\"http:\/\/web-foto-grafika.cz\/wp-content\/uploads\/2022\/04\/image-3.png\" alt=\"\" class=\"wp-image-219\" width=\"48\" height=\"48\"\/><\/figure>\n\n\n\n<h3 class=\"has-text-align-center has-neve-text-color-color has-text-color wp-block-heading\">PROFESION\u00c1LN\u00cd MAIL<\/h3>\n\n\n\n<p class=\"has-text-align-center\"><p style=\"text-align: center; font-size: large; line-height: 150%;\">Nastav\u00edme a zprovozn\u00edme V\u00e1m neomezen\u00e9 mno\u017estv\u00ed profesion\u00e1ln\u011b p\u016fsob\u00edc\u00edch e-mail\u016f pod Va\u0161\u00ed dom\u00e9nou.<\/p><\/p>\n<\/div>\n<\/div>\n\n\n\n<div style=\"height:29px\" aria-hidden=\"true\" class=\"wp-block-spacer\"><\/div>\n\n\n\n<div class=\"wp-block-cover alignfull is-light\" style=\"padding-bottom:1px;min-height:686px;aspect-ratio:unset;\"><span aria-hidden=\"true\" class=\"wp-block-cover__background has-background-dim-100 has-background-dim has-background-gradient\" style=\"background:linear-gradient(150deg,rgb(238,238,238) 0%,rgb(169,184,195) 100%)\"><\/span><div class=\"wp-block-cover__inner-container is-layout-flow wp-block-cover-is-layout-flow\">\n<div class=\"wp-block-group is-layout-flow wp-block-group-is-layout-flow\">\n<div class=\"wp-block-columns is-layout-flex wp-container-core-columns-is-layout-28f84493 wp-block-columns-is-layout-flex\">\n<div class=\"wp-block-column is-layout-flow wp-block-column-is-layout-flow\" style=\"flex-basis:50%\">\n<figure class=\"wp-block-image size-full\"><img loading=\"lazy\" decoding=\"async\" width=\"1000\" height=\"562\" src=\"http:\/\/web-foto-grafika.cz\/wp-content\/uploads\/2022\/04\/web-m.jpeg\" alt=\"\" class=\"wp-image-291\" srcset=\"http:\/\/web-foto-grafika.cz\/wp-content\/uploads\/2022\/04\/web-m.jpeg 1000w, http:\/\/web-foto-grafika.cz\/wp-content\/uploads\/2022\/04\/web-m-300x169.jpeg 300w, http:\/\/web-foto-grafika.cz\/wp-content\/uploads\/2022\/04\/web-m-768x432.jpeg 768w\" sizes=\"auto, (max-width: 1000px) 100vw, 1000px\" \/><\/figure>\n<\/div>\n\n\n\n<div class=\"wp-block-column is-vertically-aligned-center is-layout-flow wp-block-column-is-layout-flow\" style=\"flex-basis:50%\">\n<h2 class=\"has-text-align-left has-primary-color has-text-color has-huge-font-size wp-block-heading\"><strong>WEB &#8211; tvorba \/ \u00faprava \/ spr\u00e1va<\/strong><\/h2>\n\n\n\n<p class=\"has-text-align-left has-neve-text-color-color has-text-color has-x-large-font-size\" style=\"line-height:1.5\">Vytvo\u0159\u00edme V\u00e1m <strong>WEB \u0161it\u00fd na m\u00edru<\/strong> a postar\u00e1me se o jeho spr\u00e1vu a aktualizaci. Pokud ji\u017e web m\u00e1te, ale nejste s n\u00edm spokojeni, zajist\u00edme jeho<strong> modernizaci<\/strong> a <strong>atraktivitu<\/strong>.<\/p>\n\n\n\n<p class=\"has-primary-color has-text-color has-x-large-font-size\"><strong>Pro\u010d m\u00edt vlastn\u00ed WEB:<\/strong><\/p>\n\n\n\n<ul class=\"wp-block-list\">\n<li><small>WEB je ide\u00e1ln\u00edm m\u00edstem pro Va\u0161i <strong>PROPAGACI<\/strong>, <strong>PREZENTACI <\/strong>produkt\u016f a slu\u017eeb a <strong>PRODEJ<\/strong>. Pokud chcete b\u00fdt v digit\u00e1ln\u00edch sv\u011bt\u011b &#8222;vid\u011bt&#8220;, bez webu se prost\u011b neobejdete&#8230;<\/small><\/li>\n\n\n\n<li><small>Kvalitn\u00ed WEB vytv\u00e1\u0159\u00ed ve Va\u0161ich n\u00e1v\u0161t\u011bvn\u00edc\u00edch pocit Va\u0161\u00ed <strong>D\u016eV\u011aRYHODNOSTI <\/strong>a zvy\u0161uje tak Va\u0161e \u0161ance usp\u011bt p\u0159ed konkurenc\u00ed. Vhodn\u00fdm obsahem a uspo\u0159\u00e1d\u00e1n\u00edm m\u016f\u017eete rovn\u011b\u017e ovlivnit z\u00e1kazn\u00edkovo rozhodov\u00e1n\u00ed. Web je zkr\u00e1tka Va\u0161\u00ed <strong>DIGIT\u00c1LN\u00cd VIZITKOU<\/strong>.<\/small><\/li>\n\n\n\n<li><small>D\u00edky celosv\u011btov\u011b prov\u00e1zan\u00e9 internetov\u00e9 s\u00edti nem\u00e1te d\u00edky webu <strong>\u017d\u00c1DN\u00c9 REGION\u00c1LN\u00cd OMEZEN\u00cd<\/strong>. V\u00e1\u0161 web, e-shop, portfolio m\u016f\u017ee nav\u0161t\u00edvit kdokoliv a kdykoliv &gt; zde je <strong>OTEV\u0158ENO NON-STOP<\/strong>.<\/small><\/li>\n\n\n\n<li><small>Mo\u017enosti Va\u0161\u00ed prezentace jsou t\u00e9m\u011b\u0159 neomezen\u00e9. Na web m\u016f\u017eete um\u00edstit TEXTY, OBR\u00c1ZKY, VIDEA, GALERIE, BLOGY, DISKUSE, FORMUL\u00c1\u0158E, SOUBORY ke sta\u017een\u00ed, atd&#8230;.<\/small><\/li>\n<\/ul>\n\n\n\n<div class=\"wp-block-buttons is-content-justification-left is-layout-flex wp-container-core-buttons-is-layout-fc4fd283 wp-block-buttons-is-layout-flex\">\n<div class=\"wp-block-button is-style-primary\"><a class=\"wp-block-button__link wp-element-button\" href=\"http:\/\/web-foto-grafika.cz\/index.php\/kontakt\/\" style=\"border-radius:10px\">Chci v\u011bd\u011bt v\u00edc<\/a><\/div>\n<\/div>\n\n\n\n<div style=\"height:20px\" aria-hidden=\"true\" class=\"wp-block-spacer\"><\/div>\n<\/div>\n<\/div>\n<\/div>\n<\/div><\/div>\n\n\n\n<div class=\"wp-block-cover alignfull is-light\" style=\"padding-bottom:1px;min-height:607px;aspect-ratio:unset;\"><span aria-hidden=\"true\" class=\"wp-block-cover__background has-background-dim-0 has-background-dim\"><\/span><div class=\"wp-block-cover__inner-container is-layout-flow wp-block-cover-is-layout-flow\">\n<div class=\"wp-block-group is-layout-flow wp-block-group-is-layout-flow\">\n<div class=\"wp-block-columns is-layout-flex wp-container-core-columns-is-layout-28f84493 wp-block-columns-is-layout-flex\">\n<div class=\"wp-block-column is-vertically-aligned-center is-layout-flow wp-block-column-is-layout-flow\" style=\"flex-basis:50%\">\n<h2 class=\"has-text-align-left has-primary-color has-text-color has-huge-font-size wp-block-heading\">RESPONZIVN\u00cd web design<\/h2>\n\n\n\n<p class=\"has-text-align-left has-neve-text-color-color has-text-color has-x-large-font-size\" style=\"line-height:1.5\">V\u011bd\u011bli jste, \u017ee zobrazen\u00ed obsahu Va\u0161eho webu m\u016f\u017ee b\u00fdt na r\u016fzn\u00fdch za\u0159\u00edzen\u00edch (PC \/ tablet \/ mobil) problematick\u00e9? Postar\u00e1me se o vizu\u00e1ln\u00ed kompatibilitu se v\u0161emi t\u011bmito za\u0159\u00edzen\u00edmi.<\/p>\n\n\n\n<p class=\"has-primary-color has-text-color has-x-large-font-size\"><strong>Co vlastn\u011b RESPONZIVN\u00cd web design je?<\/strong><\/p>\n\n\n\n<p class=\"has-text-bright-color has-text-color has-large-font-size\" style=\"line-height:1.4\">Responzivn\u00ed web, nebo tak\u00e9 responzivn\u00ed web design,&nbsp;<strong>zaji\u0161\u0165uje,<\/strong>&nbsp;<strong>\u017ee jsou str\u00e1nky optimalizov\u00e1ny pro r\u016fzn\u00e9 druhy za\u0159\u00edzen\u00ed. To znamen\u00e1, \u017ee se dob\u0159e zobrazuj\u00ed nejen na klasick\u00e9m po\u010d\u00edta\u010di, ale i na notebooku, mobiln\u00edm telefonu nebo tabletu<\/strong>. Responzivn\u00ed web rozpozn\u00e1, na jak\u00e9m za\u0159\u00edzen\u00ed se pr\u00e1v\u011b zobrazuje a jak\u00e1 je \u0161\u00ed\u0159ka jeho displeje, a podle toho pak p\u0159izp\u016fsob\u00ed sv\u016fj obsah. D\u00edky tomu jsou str\u00e1nky v\u017edy p\u0159ehledn\u00e9, srozumiteln\u00e9 a vypadaj\u00ed p\u0159\u00edjemn\u011b esteticky.<\/p>\n\n\n\n<p class=\"has-text-bright-color has-text-color has-medium-font-size\" style=\"line-height:1.4\"><em><strong>TIP<\/strong>: Google ve v\u00fdsledc\u00edch vyhled\u00e1v\u00e1n\u00ed z&nbsp;mobil\u016f up\u0159ednost\u0148uje RESPONZIVN\u00cd weby p\u0159ed jin\u00fdmi, kter\u00e9 si s chytr\u00fdmi telefony a tablety tolik netykaj\u00ed. D\u00edky tomu m\u00e1te ide\u00e1ln\u00ed mo\u017enost, jak&nbsp;zv\u00fd\u0161it n\u00e1v\u0161t\u011bvnost sv\u00e9ho webu.<\/em><\/p>\n\n\n\n<div class=\"wp-block-buttons is-content-justification-left is-layout-flex wp-container-core-buttons-is-layout-fc4fd283 wp-block-buttons-is-layout-flex\">\n<div class=\"wp-block-button is-style-primary\"><a class=\"wp-block-button__link wp-element-button\" href=\"http:\/\/web-foto-grafika.cz\/index.php\/kontakt\/\" style=\"border-radius:10px\">Chci v\u011bd\u011bt v\u00edc<\/a><\/div>\n<\/div>\n\n\n\n<div style=\"height:20px\" aria-hidden=\"true\" class=\"wp-block-spacer\"><\/div>\n<\/div>\n\n\n\n<div class=\"wp-block-column is-vertically-aligned-top is-layout-flow wp-block-column-is-layout-flow\" style=\"flex-basis:50%\">\n<figure class=\"wp-block-image size-full\"><img loading=\"lazy\" decoding=\"async\" width=\"1000\" height=\"589\" src=\"http:\/\/web-foto-grafika.cz\/wp-content\/uploads\/2022\/04\/responzive-m.jpeg\" alt=\"\" class=\"wp-image-307\" srcset=\"http:\/\/web-foto-grafika.cz\/wp-content\/uploads\/2022\/04\/responzive-m.jpeg 1000w, http:\/\/web-foto-grafika.cz\/wp-content\/uploads\/2022\/04\/responzive-m-300x177.jpeg 300w, http:\/\/web-foto-grafika.cz\/wp-content\/uploads\/2022\/04\/responzive-m-768x452.jpeg 768w\" sizes=\"auto, (max-width: 1000px) 100vw, 1000px\" \/><\/figure>\n<\/div>\n<\/div>\n<\/div>\n<\/div><\/div>\n\n\n\n<div class=\"wp-block-cover alignfull is-light\" style=\"padding-bottom:1px;min-height:375px;aspect-ratio:unset;\"><span aria-hidden=\"true\" class=\"wp-block-cover__background has-background-dim-100 has-background-dim has-background-gradient\" style=\"background:linear-gradient(290deg,rgb(238,238,238) 0%,rgb(169,184,195) 100%)\"><\/span><div class=\"wp-block-cover__inner-container is-layout-flow wp-block-cover-is-layout-flow\">\n<div class=\"wp-block-group is-layout-flow wp-block-group-is-layout-flow\">\n<div class=\"wp-block-columns is-layout-flex wp-container-core-columns-is-layout-28f84493 wp-block-columns-is-layout-flex\">\n<div class=\"wp-block-column is-vertically-aligned-top is-layout-flow wp-block-column-is-layout-flow\" style=\"flex-basis:50%\">\n<figure class=\"wp-block-image size-full\"><img loading=\"lazy\" decoding=\"async\" width=\"1000\" height=\"542\" src=\"http:\/\/web-foto-grafika.cz\/wp-content\/uploads\/2022\/04\/email-m.jpg\" alt=\"\" class=\"wp-image-313\" srcset=\"http:\/\/web-foto-grafika.cz\/wp-content\/uploads\/2022\/04\/email-m.jpg 1000w, http:\/\/web-foto-grafika.cz\/wp-content\/uploads\/2022\/04\/email-m-300x163.jpg 300w, http:\/\/web-foto-grafika.cz\/wp-content\/uploads\/2022\/04\/email-m-768x416.jpg 768w\" sizes=\"auto, (max-width: 1000px) 100vw, 1000px\" \/><\/figure>\n\n\n\n<div style=\"height:20px\" aria-hidden=\"true\" class=\"wp-block-spacer\"><\/div>\n<\/div>\n\n\n\n<div class=\"wp-block-column is-vertically-aligned-center is-layout-flow wp-block-column-is-layout-flow\" style=\"flex-basis:50%\">\n<h2 class=\"has-text-align-left has-primary-color has-text-color has-huge-font-size wp-block-heading\">profesion\u00e1ln\u00ed MAIL<\/h2>\n\n\n\n<p class=\"has-text-align-left has-nv-text-dark-bg-color has-text-color has-x-large-font-size\" style=\"line-height:1.4\">Chcete ve sv\u00e9 mailov\u00e9 komunikaci p\u016fsobit <strong>PROFESION\u00c1LN\u011a<\/strong>? Z\u0159\u00edd\u00edme V\u00e1m pod Va\u0161\u00ed dom\u00e9nou neomezen\u00e9 mno\u017estv\u00ed mail\u016f s mo\u017enost\u00ed automatick\u00e9 odpov\u011bdi a propojen\u00edm s mailem, kter\u00fd b\u011b\u017en\u011b u\u017e\u00edv\u00e1te.<\/p>\n\n\n\n<pre class=\"wp-block-preformatted has-text-bright-color has-text-color\">info@vasedomena.cz\nkontakt@vasedomena.cz\nobjednavka@vasedomena.cz\n.............@vasedomena.cz<\/pre>\n\n\n\n<div class=\"wp-block-buttons is-content-justification-left is-layout-flex wp-container-core-buttons-is-layout-fc4fd283 wp-block-buttons-is-layout-flex\">\n<div class=\"wp-block-button is-style-primary\"><a class=\"wp-block-button__link wp-element-button\" href=\"http:\/\/web-foto-grafika.cz\/index.php\/kontakt\/\" style=\"border-radius:10px\">Chci v\u011bd\u011bt v\u00edc<\/a><\/div>\n<\/div>\n\n\n\n<div style=\"height:20px\" aria-hidden=\"true\" class=\"wp-block-spacer\"><\/div>\n<\/div>\n<\/div>\n<\/div>\n<\/div><\/div>\n\n\n\n<div style=\"height:15px\" aria-hidden=\"true\" class=\"wp-block-spacer\"><\/div>\n\n\n\n<div class=\"wp-block-cover alignfull is-light\" style=\"min-height:81px;aspect-ratio:unset;\"><span aria-hidden=\"true\" class=\"wp-block-cover__background has-background-dim-100 has-background-dim has-background-gradient\" style=\"background:linear-gradient(0deg,rgb(135,135,135) 0%,rgb(174,174,174) 100%)\"><\/span><div class=\"wp-block-cover__inner-container is-layout-flow wp-block-cover-is-layout-flow\">\n<p class=\"has-text-align-center has-text-color has-xx-large-font-size\" style=\"color:#ffffffa6;font-style:normal;font-weight:600;letter-spacing:0.02em\"><em><mark style=\"background-color:rgba(0, 0, 0, 0)\" class=\"has-inline-color has-text-normal-darkbg-color\">\u201cP\u0159ehledn\u00fd a vizu\u00e1ln\u011b zaj\u00edmav\u00fd web Va\u0161i n\u00e1v\u0161t\u011bvn\u00edci ocen\u00ed&#8230;\u201d<\/mark><\/em><\/p>\n<\/div><\/div>\n","protected":false},"excerpt":{"rendered":"<p>ORIGIN\u00c1LN\u00cd WEB na m\u00edru Origin\u00e1ln\u00ed vzhled a funk\u010dnost Va\u0161eho webu s V\u00e1mi projdeme od A do Z a v\u0161e nastav\u00edme dle Va\u0161ich p\u0159\u00e1n\u00ed do posledn\u00edho detailu. Z\u00edskejte zcela origin\u00e1ln\u00ed web. PC \/ TABLET \/ MOBIL Vzhled Va\u0161eho webu p\u0159izp\u016fsob\u00edme tak, aby se spr\u00e1vn\u011b zobrazoval na v\u0161ech b\u011b\u017en\u011b u\u017e\u00edvan\u00fdch za\u0159\u00edzen\u00edch (PC, tablet, chytr\u00fd telefon). SPR\u00c1VA webu [&hellip;]<\/p>\n","protected":false},"author":1,"featured_media":0,"parent":0,"menu_order":0,"comment_status":"closed","ping_status":"closed","template":"","meta":{"_ti_tpc_template_sync":false,"_ti_tpc_template_id":"","footnotes":""},"class_list":["post-16","page","type-page","status-publish","hentry"],"_links":{"self":[{"href":"http:\/\/web-foto-grafika.cz\/index.php\/wp-json\/wp\/v2\/pages\/16","targetHints":{"allow":["GET"]}}],"collection":[{"href":"http:\/\/web-foto-grafika.cz\/index.php\/wp-json\/wp\/v2\/pages"}],"about":[{"href":"http:\/\/web-foto-grafika.cz\/index.php\/wp-json\/wp\/v2\/types\/page"}],"author":[{"embeddable":true,"href":"http:\/\/web-foto-grafika.cz\/index.php\/wp-json\/wp\/v2\/users\/1"}],"replies":[{"embeddable":true,"href":"http:\/\/web-foto-grafika.cz\/index.php\/wp-json\/wp\/v2\/comments?post=16"}],"version-history":[{"count":233,"href":"http:\/\/web-foto-grafika.cz\/index.php\/wp-json\/wp\/v2\/pages\/16\/revisions"}],"predecessor-version":[{"id":819,"href":"http:\/\/web-foto-grafika.cz\/index.php\/wp-json\/wp\/v2\/pages\/16\/revisions\/819"}],"wp:attachment":[{"href":"http:\/\/web-foto-grafika.cz\/index.php\/wp-json\/wp\/v2\/media?parent=16"}],"curies":[{"name":"wp","href":"https:\/\/api.w.org\/{rel}","templated":true}]}}